{"id":71,"date":"2019-08-19T16:03:32","date_gmt":"2019-08-19T14:03:32","guid":{"rendered":"http:\/\/192.168.30.202\/?page_id=71"},"modified":"2022-10-21T14:28:05","modified_gmt":"2022-10-21T12:28:05","slug":"inhouse-schulungen","status":"publish","type":"page","link":"https:\/\/www.tga-projektierung.de\/?page_id=71","title":{"rendered":"Inhouse Schulungen"},"content":{"rendered":"\n<p class=\"has-very-dark-gray-color has-text-color\"> Je nach Bedarf des Kunden bieten wir Schulungen in allen Fachgebieten der technischen Geb\u00e4udeausr\u00fcstung, wie zum Beispiel<br><br><br><strong>Planung, Ausf\u00fchrung und Wartung von genehmigungspflichtigen Regenwasserversickerungsanlagen<\/strong><br><br><strong>K\u00e4lteerzeugung und K\u00e4lteverteilung in der Klimatechnik<\/strong><br><br><strong>Drucklufterzeugung und Druckluftverteilung<br> <br> Dampferzeugung und Dampfverteilung<br> <br> W\u00e4rmeerzeugung und W\u00e4rmeverteilung in Pumpen-Warmwasserheizungen<\/strong><br><strong><br> Hygienisch korrekte Planung und Betrieb von Trinkwasserverteilungsanlagen<br> <\/strong><br><strong>Brandschutz in der technischen Geb\u00e4udeausr\u00fcstung<br> <\/strong><br> an.<br> <\/p>\n","protected":false},"excerpt":{"rendered":"<p>Je nach Bedarf des Kunden bieten wir Schulungen in allen Fachgebieten der technischen Geb\u00e4udeausr\u00fcstung, wie zum Beispiel Planung, Ausf\u00fchrung und Wartung von genehmigungspflichtigen Regenwasserversickerungsanlagen K\u00e4lteerzeugung und K\u00e4lteverteilung in der Klimatechnik Drucklufterzeugung und Druckluftverteilung Dampferzeugung und Dampfverteilung W\u00e4rmeerzeugung und W\u00e4rmeverteilung in Pumpen-Warmwasserheizungen Hygienisch korrekte Planung und Betrieb von Trinkwasserverteilungsanlagen Brandschutz in der technischen Geb\u00e4udeausr\u00fcstung an.<\/p>\n","protected":false},"author":1,"featured_media":0,"parent":40,"menu_order":0,"comment_status":"closed","ping_status":"closed","template":"","meta":[],"_links":{"self":[{"href":"https:\/\/www.tga-projektierung.de\/index.php?rest_route=\/wp\/v2\/pages\/71"}],"collection":[{"href":"https:\/\/www.tga-projektierung.de\/index.php?rest_route=\/wp\/v2\/pages"}],"about":[{"href":"https:\/\/www.tga-projektierung.de\/index.php?rest_route=\/wp\/v2\/types\/page"}],"author":[{"embeddable":true,"href":"https:\/\/www.tga-projektierung.de\/index.php?rest_route=\/wp\/v2\/users\/1"}],"replies":[{"embeddable":true,"href":"https:\/\/www.tga-projektierung.de\/index.php?rest_route=%2Fwp%2Fv2%2Fcomments&post=71"}],"version-history":[{"count":5,"href":"https:\/\/www.tga-projektierung.de\/index.php?rest_route=\/wp\/v2\/pages\/71\/revisions"}],"predecessor-version":[{"id":513,"href":"https:\/\/www.tga-projektierung.de\/index.php?rest_route=\/wp\/v2\/pages\/71\/revisions\/513"}],"up":[{"embeddable":true,"href":"https:\/\/www.tga-projektierung.de\/index.php?rest_route=\/wp\/v2\/pages\/40"}],"wp:attachment":[{"href":"https:\/\/www.tga-projektierung.de\/index.php?rest_route=%2Fwp%2Fv2%2Fmedia&parent=71"}],"curies":[{"name":"wp","href":"https:\/\/api.w.org\/{rel}","templated":true}]}}