{"id":70,"date":"2019-08-19T16:03:32","date_gmt":"2019-08-19T14:03:32","guid":{"rendered":"http:\/\/192.168.30.202\/?page_id=70"},"modified":"2022-08-10T16:55:16","modified_gmt":"2022-08-10T14:55:16","slug":"gutachten-hls","status":"publish","type":"page","link":"https:\/\/www.tga-projektierung.de\/?page_id=70","title":{"rendered":"Gutachten Heizung-L\u00fcftung-Sanit\u00e4r"},"content":{"rendered":"\n<p class=\"has-very-dark-gray-color has-text-color\">\n<strong>2022:<\/strong>\n<br>\n<br>\n<strong>Gutachten zur Sanit\u00e4r- und Heizungsanlage einer Doppelhaush\u00e4lfte in Moosburg<\/strong><br><br>\nM\u00e4ngelgutachten zur technischen Geb\u00e4udeausr\u00fcstung mit M\u00e4ngelbeseitigungsvorschl\u00e4gen<br><br><br>\n<strong>Schadensgutachten technische Geb\u00e4udeausr\u00fcstung aufgrund von Temperatur\u00fcberschreitung \u00fcber 120\u00b0C im Warmwassersystem<br><br><br>\nSachverst\u00e4ndigenbegleitung des Neubaus eines KfW 55 Geb\u00e4ude in Kelheim<br><br><br>\nGerichtsgutachten zur Technischen Geb\u00e4udeausr\u00fcstung des Neubaus eines Universit\u00e4tsgeb\u00e4udes in Berlin <\/strong><br><br>\nBewertung der behaupteten M\u00e4ngel zur technischen Geb\u00e4udeausr\u00fcstung mit M\u00e4ngelbeseitigungsvorschl\u00e4gen.\n<br><br><br>\n<strong>Gutachten zur Beheizung \/ K\u00fchlung eines Gewerbegeb\u00e4udes in Regensburg<\/strong><br><br>\nM\u00e4ngelgutachten zur W\u00e4rme- und K\u00e4lteerzeugung und -verteilung mit M\u00e4ngelbeseitigungsvorschl\u00e4gen.<br><br><br>\n<strong>Gew\u00e4hrleistungsabnahme einer Wohnanlage, bestehend aus 7 Mehrfamilienh\u00e4usern mit insgesamt 65 Wohnungen f\u00fcr das Fachgebiet HLS<\/strong><br><br><br>\n<strong>Gew\u00e4hrleistungsabnahme der Nahw\u00e4rmezentrale einer Wohnanlage, bestehend aus 30 Doppelhaush\u00e4lften Fachgebiet HLS<\/strong><br><br><br>\n<strong>Gutachten zur Sanit\u00e4r-, Heizungs- und L\u00fcftungsanlage  eines Mehrfamilienhauses mit drei Gewerbeeinheiten und einer zweigeschossigen Tiefgarage in Regensburg<\/strong><br><br>\nM\u00e4ngelgutachten zur technischen Geb\u00e4udeausr\u00fcstung mit M\u00e4ngelbeseitigungsvorschl\u00e4gen<br><br><br>\n<strong>Gutachten zur Sanit\u00e4r-, Heizungsanlage eines Einfamilienhauses in Gotteszell<\/strong><br><br>\nM\u00e4ngelgutachten zur technischen Geb\u00e4udeausr\u00fcstung mit M\u00e4ngelbeseitigungsvorschl\u00e4gen<br><br><br>\n<strong>2021:<\/strong>\n<br>\n<br>\n<strong>Sachverst\u00e4ndigenbegleitung des Neubaus des BBZ der Volksbank in Schwandorf<\/strong><br><br><br>\n<strong>Gutachten zur Heizungs- und K\u00e4lteanlage im Edeka-Neubau in Moers<\/strong><br><br>\nM\u00e4ngelgutachten zur technischen Geb\u00e4udeausr\u00fcstung mit M\u00e4ngelbeseitigungsvorschl\u00e4gen<br><br><br>\n<strong>Gutachten zur Sanit\u00e4r-, Heizungsanlage eines Dreifamilienhauses in M\u00fcnchen-Aubing<\/strong><br><br>\nM\u00e4ngelgutachten zur technischen Geb\u00e4udeausr\u00fcstung mit M\u00e4ngelbeseitigungsvorschl\u00e4gen<br><br><br>\n<strong>Gutachten zur W\u00e4rmepumpenanlage in einem Mehrfamilienhaus in Regensburg<\/strong><br><br>\nM\u00e4ngelgutachten zur technischen Geb\u00e4udeausr\u00fcstung mit M\u00e4ngelbeseitigungsvorschl\u00e4gen<br><br><br>\n<strong>Gutachten zur Nahw\u00e4rmeversorgung eines Nebaugebiets<\/strong><br><br>\nM\u00e4ngelgutachten zur W\u00e4rmeerzeugung und -verteilung mit M\u00e4ngelbeseitigungsvorschl\u00e4gen <br><br><br>\n<strong>Gutachten zur Sanit\u00e4r-, Heizungs- und L\u00fcftungsanlage einer Doppelhaush\u00e4lfte in Bad Abbach<\/strong><br><br>\nM\u00e4ngelgutachten zur technischen Geb\u00e4udeausr\u00fcstung mit M\u00e4ngelbeseitigungsvorschl\u00e4gen<br><br><br>\n<strong>Gutachten zur Sanit\u00e4r-, Heizungs- und L\u00fcftungsanlage eines Mehrfamilienhauses in Regensburg<\/strong><br><br>\nM\u00e4ngelgutachten zur technischen Geb\u00e4udeausr\u00fcstung mit M\u00e4ngelbeseitigungsvorschl\u00e4gen<br><br><br>\n<strong>2020:<\/strong>\n<br>\n<br>\n<strong>Gutachten zur Heizungs- und K\u00e4ltenanlage im Kaufland in Goslar<\/strong><br><br>\nM\u00e4ngelgutachten zur technischen Geb\u00e4udeausr\u00fcstung mit M\u00e4ngelbeseitigungsvorschl\u00e4gen<br><br><br>\n<strong>Gutachten zur Pelletsheizung in einem Mehrfamilienhaus in Regensburg<\/strong><br><br>\nM\u00e4ngelgutachten zur technischen Geb\u00e4udeausr\u00fcstung mit M\u00e4ngelbeseitigungsvorschl\u00e4gen<br><br><br>\n<strong>Gutachten zum Allgemeineigentum Sanit\u00e4r-, Heizungs- und L\u00fcftungsanlagen in zwei Mehrfamilienwohnanlagen in Regensburg, N\u00e4he OTH<\/strong><br><br>\nM\u00e4ngelgutachten zur technischen Geb\u00e4udeausr\u00fcstung mit M\u00e4ngelbeseitigungsvorschl\u00e4gen\n<br><br><br>\n<strong>Gutachten zur Sanit\u00e4r-, Heizungs-, L\u00fcftungs- und Sprinkleranlage in einem Altenheim in Neutraubling<\/strong><br><br>M\u00e4ngelgutachten zur technischen Geb\u00e4udeausr\u00fcstung mit M\u00e4ngelbeseitigungsvorschl\u00e4gen<br><br><br><strong>Gutachten zur Gasmotor-W\u00e4rmepumpenanlage in einem Hotel in Eschborn<\/strong><br><br>M\u00e4ngelgutachten zur technischen Geb\u00e4udeausr\u00fcstung als Beweissicherungsverfahren mit anschlie\u00dfender gerichtlicher Betreuung<br><br><br><strong>Gutachten zur Sanit\u00e4r-, Heizungs- und L\u00fcftungsanlage Neubau Quartier in Gaimersheim<\/strong><br><br>M\u00e4ngelgutachten zur technischen Geb\u00e4udeausr\u00fcstung<br><br><br><strong>Gutachten zur Gasmotor-W\u00e4rmepumpenanlage in einem Verwaltungsgeb\u00e4ude in Bad Kreuznach<\/strong><br><br>M\u00e4ngelgutachten zur technischen Geb\u00e4udeausr\u00fcstung als Beweissicherungsverfahren mit anschlie\u00dfender gerichtlicher Betreuung<br><br><br><strong>Gutachten zur Gasmotor-W\u00e4rmepumpenanlage in einem Verwaltungsgeb\u00e4ude in Leipzig<\/strong><br><br>M\u00e4ngelgutachten zur technischen Geb\u00e4udeausr\u00fcstung als Beweissicherungsverfahren mit anschlie\u00dfender gerichtlicher Betreuung<br><br><br><strong>Gutachten zur Gasmotor-W\u00e4rmepumpenanlage in einem Verwaltungsgeb\u00e4ude in N\u00fcrnberg<\/strong><br><br>M\u00e4ngelgutachten zur technischen Geb\u00e4udeausr\u00fcstung als Beweissicherungsverfahren mit anschlie\u00dfender gerichtlicher Betreuung<br><br><br><strong>Gutachten zur Gasmotor-W\u00e4rmepumpenanlage in einem Hotel in Oberding<\/strong><br><br>M\u00e4ngelgutachten zur technischen Geb\u00e4udeausr\u00fcstung als Beweissicherungsverfahren mit anschlie\u00dfender gerichtlicher Betreuung<br><br><br><strong>Gutachten zur W\u00e4rmepumpenanlage in einem Mehrfamilienhaus in Regensburg<\/strong><br><br>M\u00e4ngelgutachten zur technischen Geb\u00e4udeausr\u00fcstung als Beweissicherungsverfahren mit anschlie\u00dfender gerichtlicher Betreuung<br><br><br><strong>Gutachten zur Sanit\u00e4r- und Heizungsinstallation eines Einfamilienhauses in Bernried<\/strong><br><br>M\u00e4ngelgutachten zur technischen Geb\u00e4udeausr\u00fcstung als Beweissicherungsverfahren mit anschlie\u00dfender gerichtlicher Betreuung<br><br><br><strong>Gutachten zur  Sanit\u00e4r-, Heizungs- und L\u00fcftungsanlage Neubau Mehrfamilienhaus in Lappersdorf<br> <br> <\/strong>M\u00e4ngelgutachten zur technischen Geb\u00e4udeausr\u00fcstung als Beweissicherungsverfahren mit anschlie\u00dfender gerichtlicher Betreuung<br><br><br><strong>Gutachten zur Sanit\u00e4r-, Heizungs- und L\u00fcftungsanlage Neubau Gewerbefl\u00e4chen LKW-Center in Deggendorf<br> <br> <\/strong>M\u00e4ngelgutachten zur technischen Geb\u00e4udeausr\u00fcstung als Beweissicherungsverfahren mit anschlie\u00dfender gerichtlicher Betreuung<br><br><br><strong>Gutachten zur Sanit\u00e4r-, Heizungs- und L\u00fcftungsanlage Neubau 7-Familienwohnhaus mit 5 Gewerbeeinheiten in Unterhaching<br> <br><\/strong>M\u00e4ngelgutachten zur technischen Geb\u00e4udeausr\u00fcstung als Beweissicherungsverfahren mit anschlie\u00dfender gerichtlicher Betreuung<br><br> M\u00e4ngelgutachten zur EnEV-Berechnung \/ KfW-Nachweis als  Beweissicherungsverfahren mit anschlie\u00dfender gerichtlicher Betreuung<br><br><br><strong>Gutachten zur Sanit\u00e4r-, Heizungs- und L\u00fcftungsanlage Einzeldenkmal als 10-Familienwohnhaus in Regensburg<br> <br> <\/strong>M\u00e4ngelgutachten zur technischen Geb\u00e4udeausr\u00fcstung als Beweissicherungsverfahren mit anschlie\u00dfender gerichtlicher Betreuung<br><br> Gef\u00e4hrdungsanalyse gem\u00e4\u00df \u00a716 Abs. 7 TrinkwV mit anschlie\u00dfender M\u00e4ngelbeseitigung.<br><br><br><strong>Gutachten zur Sanit\u00e4r-, Heizungs- und L\u00fcftungsanlage Einzeldenkmal als 13-Familienwohnhaus in Regensburg<br> <br> <\/strong>M\u00e4ngelgutachten zur technischen Geb\u00e4udeausr\u00fcstung mit anschlie\u00dfender Bauleitung der M\u00e4ngelbeseitigung.<br><br> Gef\u00e4hrdungsanalyse gem\u00e4\u00df \u00a716 Abs. 7 TrinkwV mit anschlie\u00dfender M\u00e4ngelbeseitigung.<br><br><br><strong>Gutachten zur Sanit\u00e4r-, Heizungs- und L\u00fcftungsanlage Einzeldenkmal als 9-Familienwohnhaus mit einer Gewerbeeinheit in Regensburg<br> <br> <\/strong>M\u00e4ngelgutachten zur technischen Geb\u00e4udeausr\u00fcstung mit anschlie\u00dfender Bauleitung der M\u00e4ngelbeseitigung.<br><br> Gef\u00e4hrdungsanalyse gem\u00e4\u00df \u00a716 Abs. 7 TrinkwV mit anschlie\u00dfender M\u00e4ngelbeseitigung.<br><br><br><strong>Energiegutachten zur Energieversorgung von 6  Mehrfamilienh\u00e4usern und einer Gewerbeimmobilie in Berlin mit einer  Nutzfl\u00e4che von 14.500 m\u00b2<\/strong><br><br> Beheizung mit Gas-Brennwerttechnik und BHKW, W\u00e4rme\u00fcbergabe \u00fcber Heizk\u00f6rper<br> Zentrale Warmwasserbereitung<br><br> Anrechenbare Kosten technische Geb\u00e4udeausr\u00fcstung: \u20ac 350.000,00<br><br><br><strong>Energiegutachten eines Einfamilienhauses in Straubing mit einer Nutzfl\u00e4che von 200 m\u00b2<\/strong><br><br> EnEV f\u00fcr Wohngeb\u00e4ude KfW 70 Standard<br> Heizkesselsanierung mit Scheitholz, W\u00e4rme\u00fcbergabe \u00fcber Wandheizung und Heizk\u00f6rper<br><br> Anrechenbare Kosten technische Geb\u00e4udeausr\u00fcstung: \u20ac 50.000,00<br><br><br><strong>Energiegutachten des Neubaus eines 16-Mehrfamilienhauses im KfW 70 Standard in Regensburg mit einer Nutzfl\u00e4che von 850 m\u00b2 <\/strong><br><br> EnEV f\u00fcr Wohngeb\u00e4ude KfW 70 Standard<br> Beheizung mit Gas-Brennwerttechnik und Pelletkessel, mit Scheitholz, W\u00e4rme\u00fcbergabe \u00fcber Fu\u00dfbodenheizung<br><br> Anrechenbare Kosten technische Geb\u00e4udeausr\u00fcstung: \u20ac 165.000,00<br><br><br><strong>Energiegutachten einer Doppelhaush\u00e4lfte in Regensburg mit einer Nutzfl\u00e4che von 125 m\u00b2<\/strong><br><br> Beheizung mit Gas-Brennwerttechnik und Solaranlage, W\u00e4rme\u00fcbergabe \u00fcber Fu\u00dfbodenheizung<br> Zentrale Warmwasserbereitung \u00fcber thermische Solaranlage<br><br> Anrechenbare Kosten technische Geb\u00e4udeausr\u00fcstung: \u20ac 35.000,00<br><br><br><strong>EnEV-Nachweis eines Einfamilienhauses in Obertraubling<\/strong><br><br> Bestandsaufnahme<br><br><br><strong>Energiegutachten Sanierung Kesselanlage mit Blockheizkraftwerk in einem Kurbetrieb in Schwaben<\/strong><br><br> Demontage eines Niederdruckdampfheizkessels und drei Gaskesseln mit einer Gesamtleistung von 3,4 MW<br> Sanierung mit Blockheizkraftwerk,  Gas-Brennwert-Grundlastkessel und Gas-Niedertemperatur-Spitzenlastkessel  mit einer<br> Gesamtleistung von 2,1 MW<br> Optimierung der Geb\u00e4udeleittechnik mit Fernwartung<br> Erneuerung der Schwimmbadl\u00fcftung<br><br><br><strong>Gutachten zur Sanit\u00e4r- und Heizungsanlage Wohnanlage Paarstra\u00dfein Regensburg<\/strong><br><br> Abnahme des Teil- und Sondereigentums<br><br><br><strong>Generalsanierung 9-Familienhaus in Regensburg, Altstadt<br> <br> <\/strong>Gutachten Rohinstallation Heizung, L\u00fcftung, Sanit\u00e4r<br> Gutachten vorbeugender Brandschutz<br><br><br><strong>Gutachten zur Sanit\u00e4r-, Heizungs- und L\u00fcftungsanlage Gewerbefl\u00e4chen Dr. Gessler-Str. in Regensburg<\/strong><br><br> M\u00e4ngelgutachten zur technischen Geb\u00e4udeausr\u00fcstung<br><br><br><strong>Energiegutachten f\u00fcr ein s\u00fcddeutsches Pharmaunternehmen<\/strong><br><br> Energiekostenaufnahme getrennt nach W\u00e4rme, Gas und Strom<br> Konzept zur schrittweisen energetischen Sanierung der Produktionsst\u00e4tte bei laufendem Betrieb<br><strong><br> <br> Gutachten zur Sanit\u00e4r- und Heizungsanlage Einfamilienhaus in Alteglofsheim<\/strong><br><br> Abnahme der technischen Geb\u00e4udeausr\u00fcstung<br><strong><br> <br> Generalsanierung 5-Familienhaus in Regensburg-Kumpfm\u00fchl<br> <br> <\/strong>Gutachten Rohinstallation Heizung, L\u00fcftung, Sanit\u00e4r<br> Gutachten Rohinstallation Klimatisierung<br> Gutachten vorbeugender Brandschutz<br><br><br><strong>Gutachten zur Sanit\u00e4r-, Heizungs- und L\u00fcftungsanlage Luxusdachgeschosswohnung in M\u00fcnchen<\/strong><br><br> M\u00e4ngelgutachten zur technischen Geb\u00e4udeausr\u00fcstung<br><br><br><strong>Neubau eines Luxus-Einfamilienhauses im Landkreis Neumarkt<br> <br> <\/strong>Gutachten zur M\u00e4ngelbeseitigung einer kontrollierten Wohnrauml\u00fcftung mit Messung der<br> &#8211; Luftvolumenstr\u00f6me in allen R\u00e4umen<br> &#8211; Schalldruckpegel in allen R\u00e4umen<br> &#8211; resultierenden Raumlufttemperatur und relativen Raumluftfeuchte in allen R\u00e4umen<br> und Gutachten zur M\u00e4ngelbeseitigung des zur kontrollierten Wohnrauml\u00fcftung zugeh\u00f6rigen Erdreichw\u00e4rmetauschers<br> Gutachten zur M\u00e4ngelbeseitigung einer Wasser\/Wasser-W\u00e4rmepumpe einschlie\u00dflich Brunnenanlage<br><br><br><strong>Neubau einer Gewerbeimmobilie mit 2 Wohnungen in Barbing<br> <br> <\/strong>Gutachten zur M\u00e4ngelbeseitigung einer kontrollierten Wohnrauml\u00fcftung<br> Gutachten zur M\u00e4ngelbeseitigung der L\u00fcftung des gewerblichen Bereiches<br> Gutachten zur M\u00e4ngelbeseitigung der Heizungs- und Sanit\u00e4ranlage <\/p>\n","protected":false},"excerpt":{"rendered":"<p>2022: Gutachten zur Sanit\u00e4r- und Heizungsanlage einer Doppelhaush\u00e4lfte in Moosburg M\u00e4ngelgutachten zur technischen Geb\u00e4udeausr\u00fcstung mit M\u00e4ngelbeseitigungsvorschl\u00e4gen Schadensgutachten technische Geb\u00e4udeausr\u00fcstung aufgrund von Temperatur\u00fcberschreitung \u00fcber 120\u00b0C im Warmwassersystem Sachverst\u00e4ndigenbegleitung des Neubaus eines KfW 55 Geb\u00e4ude in Kelheim Gerichtsgutachten zur Technischen Geb\u00e4udeausr\u00fcstung des Neubaus eines Universit\u00e4tsgeb\u00e4udes in Berlin Bewertung der behaupteten M\u00e4ngel zur technischen Geb\u00e4udeausr\u00fcstung mit M\u00e4ngelbeseitigungsvorschl\u00e4gen. Gutachten<\/p><\/div>\n<div class=\"blog-btn\"><a href=\"https:\/\/www.tga-projektierung.de\/?page_id=70\" class=\"home-blog-btn\">Weiterlesen<\/a><\/p>\n","protected":false},"author":1,"featured_media":0,"parent":39,"menu_order":30,"comment_status":"closed","ping_status":"closed","template":"","meta":[],"_links":{"self":[{"href":"https:\/\/www.tga-projektierung.de\/index.php?rest_route=\/wp\/v2\/pages\/70"}],"collection":[{"href":"https:\/\/www.tga-projektierung.de\/index.php?rest_route=\/wp\/v2\/pages"}],"about":[{"href":"https:\/\/www.tga-projektierung.de\/index.php?rest_route=\/wp\/v2\/types\/page"}],"author":[{"embeddable":true,"href":"https:\/\/www.tga-projektierung.de\/index.php?rest_route=\/wp\/v2\/users\/1"}],"replies":[{"embeddable":true,"href":"https:\/\/www.tga-projektierung.de\/index.php?rest_route=%2Fwp%2Fv2%2Fcomments&post=70"}],"version-history":[{"count":19,"href":"https:\/\/www.tga-projektierung.de\/index.php?rest_route=\/wp\/v2\/pages\/70\/revisions"}],"predecessor-version":[{"id":511,"href":"https:\/\/www.tga-projektierung.de\/index.php?rest_route=\/wp\/v2\/pages\/70\/revisions\/511"}],"up":[{"embeddable":true,"href":"https:\/\/www.tga-projektierung.de\/index.php?rest_route=\/wp\/v2\/pages\/39"}],"wp:attachment":[{"href":"https:\/\/www.tga-projektierung.de\/index.php?rest_route=%2Fwp%2Fv2%2Fmedia&parent=70"}],"curies":[{"name":"wp","href":"https:\/\/api.w.org\/{rel}","templated":true}]}}