{"id":7,"date":"2019-08-19T14:09:14","date_gmt":"2019-08-19T12:09:14","guid":{"rendered":"http:\/\/192.168.30.202\/?page_id=7"},"modified":"2021-01-12T20:40:01","modified_gmt":"2021-01-12T19:40:01","slug":"heizungstechnik","status":"publish","type":"page","link":"https:\/\/www.tga-projektierung.de\/?page_id=7","title":{"rendered":"W\u00e4rmeversorgungsanlagen"},"content":{"rendered":"\n<p class=\"has-very-dark-gray-color has-text-color\"> Unsere Leistung umfasst, abh\u00e4ngig vom Lastenheft (zum  Beispiel Budget oder technische Anforderungen) des Kunden, die Planung, Ausschreibung, Vergabe und Bauleitung von folgenden Anlagetypen: <\/p>\n\n\n\n<p><\/p>\n\n\n\n<p class=\"has-very-dark-gray-color has-text-color\"><strong>Zentrale W\u00e4rmepumpenanlagen<br>\n\t\t\t\t\t\t\t\t\t\t\t\t\t\t<br>\n\t\t\t\t\t\t\t\t\t\t\t\t\t\tZentrale Biomassefeuerungsanlagen<br>\n\t\t\t\t\t\t\t\t\t\t\t\t\t\t<br>\n\t\t\t\t\t\t\t\t\t\t\t\t\t\tZentrale solarunterst\u00fctzte Heizungs- und Trinkwassererw\u00e4rmungsanlagen<br>\n\t\t\t\t\t\t\t\t\t\t\t\t\t\t<br>\n\t\t\t\t\t\t\t\t\t\t\t\t\t\tKraft-W\u00e4rme-Kopplung in Form von Blockheizkraftwerken als Grundlast<br>\n\t\t\t\t\t\t\t\t\t\t\t\t\t\t<br>\n\t\t\t\t\t\t\t\t\t\t\t\t\t\tZentrale \u00d6l- und Gasfeuerungsanlagen <br><br>\n\nDampferzeugungsanlagen und Dampfverteilungsanlagen<br>\n\t\t\t\t\t\t\t\t\t\t\t\t\t\t<br>\n\t\t\t\t\t\t\t\t\t\t\t\t\t\tEnergie- und kostenoptimierte Sanierung von bestehenden Heizungsanlagen<br><br>\nNah- und Fernw\u00e4rmenetze, auch als W\u00e4rmenetze 4.0<\/strong><\/p>\n","protected":false},"excerpt":{"rendered":"<p>Unsere Leistung umfasst, abh\u00e4ngig vom Lastenheft (zum Beispiel Budget oder technische Anforderungen) des Kunden, die Planung, Ausschreibung, Vergabe und Bauleitung von folgenden Anlagetypen: Zentrale W\u00e4rmepumpenanlagen Zentrale Biomassefeuerungsanlagen Zentrale solarunterst\u00fctzte Heizungs- und Trinkwassererw\u00e4rmungsanlagen Kraft-W\u00e4rme-Kopplung in Form von Blockheizkraftwerken als Grundlast Zentrale \u00d6l- und Gasfeuerungsanlagen Dampferzeugungsanlagen und Dampfverteilungsanlagen Energie- und kostenoptimierte Sanierung von bestehenden Heizungsanlagen Nah- und<\/p><\/div>\n<div class=\"blog-btn\"><a href=\"https:\/\/www.tga-projektierung.de\/?page_id=7\" class=\"home-blog-btn\">Weiterlesen<\/a><\/p>\n","protected":false},"author":1,"featured_media":0,"parent":37,"menu_order":10,"comment_status":"closed","ping_status":"closed","template":"","meta":[],"_links":{"self":[{"href":"https:\/\/www.tga-projektierung.de\/index.php?rest_route=\/wp\/v2\/pages\/7"}],"collection":[{"href":"https:\/\/www.tga-projektierung.de\/index.php?rest_route=\/wp\/v2\/pages"}],"about":[{"href":"https:\/\/www.tga-projektierung.de\/index.php?rest_route=\/wp\/v2\/types\/page"}],"author":[{"embeddable":true,"href":"https:\/\/www.tga-projektierung.de\/index.php?rest_route=\/wp\/v2\/users\/1"}],"replies":[{"embeddable":true,"href":"https:\/\/www.tga-projektierung.de\/index.php?rest_route=%2Fwp%2Fv2%2Fcomments&post=7"}],"version-history":[{"count":10,"href":"https:\/\/www.tga-projektierung.de\/index.php?rest_route=\/wp\/v2\/pages\/7\/revisions"}],"predecessor-version":[{"id":269,"href":"https:\/\/www.tga-projektierung.de\/index.php?rest_route=\/wp\/v2\/pages\/7\/revisions\/269"}],"up":[{"embeddable":true,"href":"https:\/\/www.tga-projektierung.de\/index.php?rest_route=\/wp\/v2\/pages\/37"}],"wp:attachment":[{"href":"https:\/\/www.tga-projektierung.de\/index.php?rest_route=%2Fwp%2Fv2%2Fmedia&parent=7"}],"curies":[{"name":"wp","href":"https:\/\/api.w.org\/{rel}","templated":true}]}}