{"id":28,"date":"2019-08-19T14:15:37","date_gmt":"2019-08-19T12:15:37","guid":{"rendered":"http:\/\/192.168.30.202\/?page_id=28"},"modified":"2022-08-04T16:52:00","modified_gmt":"2022-08-04T14:52:00","slug":"referenzen-oeffentlich","status":"publish","type":"page","link":"https:\/\/www.tga-projektierung.de\/?page_id=28","title":{"rendered":"Referenzen \u00f6ffentlich"},"content":{"rendered":"\n<p class=\"has-very-dark-gray-color has-text-color\"><strong>Neubau eines Laserlabors mit einer Nutzfl\u00e4che von 400 m\u00b2 in Regensburg<br><\/strong><br>\nAnschluss an die Medienversorgung der Universit\u00e4t Regensburg (Trinkwasser, Heizung, K\u00fchlwasser, Klima-Kaltwasser, Druckluft, Stickstoff und Helium) einschlie\u00dflich Trassenplanung in der Universit\u00e4t<br>\n<ul class=\"has-black-color has-text-color\"><li>W\u00e4rme\u00fcbergabe \u00fcber Fu\u00dfbodenheizung<\/li>\n<li>Vollklimatisierung eines Reinraums<\/li>\n<li>Dezentrale Warmwasserbereitung<\/li>\n<li>Digestorienzu- und Abluftanlage mit W\u00e4rmer\u00fcckgewinnung und K\u00fchlung<\/li>\n<li>Planung Labork\u00fchlwasser<\/li>\n<\/ul>\n<span class=\"has-black-color has-text-color\">\n<br> Anrechenbare Kosten technische Geb\u00e4udeausr\u00fcstung: \u20ac 525.000,00\n<\/span>\n<br><br><br>\n<p class=\"has-very-dark-gray-color has-text-color\"><strong>B\u00fcrger- und Verwaltungszentrum in Regenburg<br> <br> <\/strong>Planung und Ausschreibung einer T\u00fcrluftschleieranlage<br><br> Anrechenbare Kosten technische Geb\u00e4udeausr\u00fcstung: \u20ac 13.000,00<br><br><br><strong>Neubau einer 6-gruppigen Kinderkrippe in Neufahrn mit einer Nutzfl\u00e4che von 1.000 m\u00b2 im KfW 70 Standard<br> <br> <\/strong>Genehmigungspflichtige Entw\u00e4sserungsplanung<br> Komplette Planung der technischen Geb\u00e4udeausr\u00fcstung<br> Beheizung \u00fcber Wasser\/Wasser-W\u00e4rmepumpe<br> Dezentrale Warmwasserbereitung, elektronische Sp\u00fcleinrichtungDezentrales Zu- und Abluftsystem<br><br> Anrechenbare Kosten technische Geb\u00e4udeausr\u00fcstung: \u20ac 310.000,00<br><br><br><strong>Neubau eines Tierheimes mit Einliegerwohnung in Regensburg mit einer Nutzfl\u00e4che von 840 m\u00b2<\/strong><br><br> Beheizung mit Luft-Wasser-W\u00e4rmepumpe, W\u00e4rme\u00fcbergabe \u00fcber Fu\u00dfbodenheizung (Neubau)<br> Beheizung mit Gas-Brennwerttechnik, W\u00e4rme\u00fcbergabe \u00fcber Heizk\u00f6rper (Bestand)<br> Zentrale Warmwasserbereitung<br> Kontrollierte Wohnrauml\u00fcftung, feuchtegef\u00fchrt, ohne W\u00e4rmer\u00fcckgewinnung<br><br> Anrechenbare Kosten technische Geb\u00e4udeausr\u00fcstung: \u20ac 135.000,00<br><br><br><\/p><\/p>\n\n\n\n<p class=\"has-very-dark-gray-color has-text-color\"><strong>Sanierung eines Kindergartens und Erweiterung um eine Kinderkrippe mit einer Nutzfl\u00e4che von 102 m\u00b2 in Riedenburg<br> <br> <\/strong>Anschlu\u00df der Fu\u00dfbodenheizung an den bestehenden Gas-Brennwertkessel<br> Legionellengerechte Sanierung der Warmwasserbereitung<br> Kontrollierte L\u00fcftung<br><br> Anrechenbare Kosten technische Geb\u00e4udeausr\u00fcstung: \u20ac 35.000,00<\/p>\n","protected":false},"excerpt":{"rendered":"<p>Neubau eines Laserlabors mit einer Nutzfl\u00e4che von 400 m\u00b2 in Regensburg Anschluss an die Medienversorgung der Universit\u00e4t Regensburg (Trinkwasser, Heizung, K\u00fchlwasser, Klima-Kaltwasser, Druckluft, Stickstoff und Helium) einschlie\u00dflich Trassenplanung in der Universit\u00e4t W\u00e4rme\u00fcbergabe \u00fcber Fu\u00dfbodenheizung Vollklimatisierung eines Reinraums Dezentrale Warmwasserbereitung Digestorienzu- und Abluftanlage mit W\u00e4rmer\u00fcckgewinnung und K\u00fchlung Planung Labork\u00fchlwasser Anrechenbare Kosten technische Geb\u00e4udeausr\u00fcstung: \u20ac 525.000,00 B\u00fcrger-<\/p><\/div>\n<div class=\"blog-btn\"><a href=\"https:\/\/www.tga-projektierung.de\/?page_id=28\" class=\"home-blog-btn\">Weiterlesen<\/a><\/p>\n","protected":false},"author":1,"featured_media":0,"parent":0,"menu_order":0,"comment_status":"closed","ping_status":"closed","template":"templates\/page-gullwidth.php","meta":[],"_links":{"self":[{"href":"https:\/\/www.tga-projektierung.de\/index.php?rest_route=\/wp\/v2\/pages\/28"}],"collection":[{"href":"https:\/\/www.tga-projektierung.de\/index.php?rest_route=\/wp\/v2\/pages"}],"about":[{"href":"https:\/\/www.tga-projektierung.de\/index.php?rest_route=\/wp\/v2\/types\/page"}],"author":[{"embeddable":true,"href":"https:\/\/www.tga-projektierung.de\/index.php?rest_route=\/wp\/v2\/users\/1"}],"replies":[{"embeddable":true,"href":"https:\/\/www.tga-projektierung.de\/index.php?rest_route=%2Fwp%2Fv2%2Fcomments&post=28"}],"version-history":[{"count":5,"href":"https:\/\/www.tga-projektierung.de\/index.php?rest_route=\/wp\/v2\/pages\/28\/revisions"}],"predecessor-version":[{"id":492,"href":"https:\/\/www.tga-projektierung.de\/index.php?rest_route=\/wp\/v2\/pages\/28\/revisions\/492"}],"wp:attachment":[{"href":"https:\/\/www.tga-projektierung.de\/index.php?rest_route=%2Fwp%2Fv2%2Fmedia&parent=28"}],"curies":[{"name":"wp","href":"https:\/\/api.w.org\/{rel}","templated":true}]}}