{"id":26,"date":"2019-08-19T14:15:37","date_gmt":"2019-08-19T12:15:37","guid":{"rendered":"http:\/\/192.168.30.202\/?page_id=26"},"modified":"2025-10-02T19:27:12","modified_gmt":"2025-10-02T17:27:12","slug":"aktuelle-projekte","status":"publish","type":"page","link":"https:\/\/www.tga-projektierung.de\/?page_id=26","title":{"rendered":"aktuelle Projekte"},"content":{"rendered":"\n<p class=\"has-black-color has-text-color\">\n<strong>Neubau eines gef\u00f6rderten Studentenwohnheims mit Kindertagest\u00e4tte in Regensburg<\/strong><br><br>\nGenehmigungspflichtige Entw\u00e4sserungsplanung mit Regenwasserr\u00fcckhaltung<br>\nW\u00e4rmeerzeugung \u00fcber Fernw\u00e4rme<br>\nZentrale Warmwasserbereitung<br>\nW\u00e4rme\u00fcbergabe \u00fcber Fu\u00dfbodenheizung und Heizk\u00f6rper<br>\nK\u00fcchenzu- und Abluft<br>\nL\u00fcftungsanlage heizen mit W\u00e4rmer\u00fcckgewinnung<br>\nBedarfsgef\u00fchrte Abluftanlagen<br><br>\nAnrechenbare Kosten technische Geb\u00e4udeausr\u00fcstung: \u20ac 2.200.000,00\n<br><br><br>\n<strong>Neubau eines Seniorenwohnheims in Zwickau<\/strong><br><br>\nGenehmigungspflichtige Entw\u00e4sserungsplanung mit Regenwasserr\u00fcckhaltung<br>\nW\u00e4rmeerzeugung \u00fcber Fernw\u00e4rme<br>\nZentrale Warmwasserbereitung<br>\nW\u00e4rme\u00fcbergabe \u00fcber Fu\u00dfbodenheizung und Heizk\u00f6rper<br>\nL\u00fcftungsanlage K\u00fcche heizen mit W\u00e4rmer\u00fcckgewinnung<br>\nL\u00fcftungsanlage heizen mit W\u00e4rmer\u00fcckgewinnung<br>\nBedarfsgef\u00fchrte Abluftanlagen<br>\nBereichsweise K\u00fchlung mit Splitger\u00e4ten<br><br>\nAnrechenbare Kosten technische Geb\u00e4udeausr\u00fcstung: \u20ac 3.500.000,00\n<br><br><br>\n<strong>BioPark Regensburg<\/strong><br><br>\nRahmenvertrag f\u00fcr Sanierung und Umbauten<br>\n<br><br>\n<strong>Neubau von 5 Luxus-Einfamilienh\u00e4usern in Gr\u00fcnwald<\/strong><br>\n<br>\nGenehmigungspflichtige Entw\u00e4sserungsplanung mit Regenwasserversickerung<br>\nBeheizung \u00fcber Fernw\u00e4rme, W\u00e4rme\u00fcbergabe \u00fcber Fu\u00dfbodenheizung<br>\nZentrale Warmwasserbereitung<br>\nKontrollierte Wohnrauml\u00fcftung mit W\u00e4rmer\u00fcckgewinnung<br>\nPooltechnik<br>\n<br>\nAnrechenbare Kosten technische Geb\u00e4udeausr\u00fcstung je ca. \u20ac 250.000,00\n<br><br><br>\n<strong>Neubau einer Mehrfamilien-Wohnanlage, bestehend aus 5 Bauk\u00f6rpern und 174 Wohnungen in Trostberg<br><\/strong><br>\nGenehmigungspflichtige Entw\u00e4sserungsplanung mit Regenr\u00fcckhaltung<br>\nW\u00e4rmeerzeugung \u00fcber Pelletkessel und Gas-Brennwertkessel<br>\nBedarfsgef\u00fchrtes Nahw\u00e4rmenetz<br>\nZentrale Warmwasserbereitung<br>\nBedarfsgef\u00fchrte Wohnrauml\u00fcftung ohne W\u00e4rmer\u00fcckgewinnung<br>\n<br>\nAnrechenbare Kosten technische Geb\u00e4udeausr\u00fcstung: \u20ac 4.200.000,00\n<br><br><br>\n<strong>Neubau eines 15-Familienhauses mit 15 Wohneinheiten im KfW-55 EE Standard in Trostberg<br><\/strong><br>\nGenehmigungspflichtige Entw\u00e4sserungsplanung mit Regenr\u00fcckhaltung\nGEG-Berechnung mit Nachweis KfW 55 EE<br>\nDetaillierter W\u00e4rmebr\u00fcckennachweis<br>\nGenehmigungspflichtige Entw\u00e4sserungsplanung mit Regenr\u00fcckhaltung<br>\nW\u00e4rmeerzeugung \u00fcber Luft-Wasser-W\u00e4rmepumpe und Gas-Brennwert<br>\nZentrale Warmwasserbereitung<br>\nDezentrale feuchtgef\u00fchrte Abluftanlage<br><br>\nAnrechenbare Kosten technische Geb\u00e4udeausr\u00fcstung: \u20ac 500.000,00\n<br><br><br>\n<strong class=\"has-black-color has-text-color\">W\u00e4rmenetz 4.0 in Regensburg, Prinz-Leopold-Kaserne<br><\/strong><br>\n<figure class=\"wp-block-image size-large\"><img decoding=\"async\" src=\"https:\/\/www.tga-projektierung.de\/wp-content\/uploads\/2021\/02\/waermenetz_kaserne_regensburg.png\" alt=\"\" class=\"wp-image-329\"\/><\/figure>\n<br><br><br>\n<strong class=\"has-black-color has-text-color\">W\u00e4rmenetz 4.0 in Amberg; Eisberg-Viertel<br><\/strong><br>\n<figure class=\"wp-block-image size-large\"><img decoding=\"async\" src=\"https:\/\/www.tga-projektierung.de\/wp-content\/uploads\/2021\/02\/waermenetz_amberg_viertel.png\" alt=\"\" class=\"wp-image-329\"\/><\/figure>\n<span class=\"has-black-color has-text-color\">Fertigstellung 2027<\/span>\n<br><br><br>\n<strong class=\"has-black-color has-text-color\">W\u00e4rmenetz 4.0 in Regensburg; Baugenossenschaft Margaretenau<br><\/strong><br>\n<figure class=\"wp-block-image size-large\"><img decoding=\"async\" src=\"https:\/\/www.tga-projektierung.de\/wp-content\/uploads\/2021\/02\/waermenetz_margaretenau_regensburg.png\" alt=\"\" class=\"wp-image-329\"\/><\/figure>\n<span class=\"has-black-color has-text-color\">Fertigstellung 2025<\/span>\n<br><br><br>\n<span class=\"has-black-color has-text-color\">\n<strong>Neubau einer Kl\u00e4ranlage in Schwarzenbruck mit 33.000 EW 7<br> <\/strong><br> Komplette Planung der technischen Geb\u00e4udeausr\u00fcsting<br> Beheizung mit Blockheizkraftwerk<br> Dezentrales Zu- und Abluftsystem, teilweise Ex-gesch\u00fctzt<br><br> Anrechenbare Kosten technische Geb\u00e4udeausr\u00fcstung: \u20ac 1.060.000,00<\/p><\/span>\n<strong class=\"has-black-color has-text-color\">Erweiterung eines bestehenden Standorts in Losheim<\/strong><br><\/span>\n<\/br>\n<span class=\"has-black-color has-text-color\">\nNeubau von Produktionshallen, samt Infrastruktur und Nebengeb\u00e4uden<br><br>\nAnrechenbare Kosten technische Geb\u00e4udeausr\u00fcstung: \u20ac 4.200.000,00<br><br>\n<\/span>\n<figure class=\"wp-block-image size-large\"><img decoding=\"async\" src=\"https:\/\/www.tga-projektierung.de\/wp-content\/uploads\/2022\/03\/Homanit_Losheim.png\" alt=\"\" class=\"wp-image-329\"\/><\/figure>\n","protected":false},"excerpt":{"rendered":"<p>Neubau eines gef\u00f6rderten Studentenwohnheims mit Kindertagest\u00e4tte in Regensburg Genehmigungspflichtige Entw\u00e4sserungsplanung mit Regenwasserr\u00fcckhaltung W\u00e4rmeerzeugung \u00fcber Fernw\u00e4rme Zentrale Warmwasserbereitung W\u00e4rme\u00fcbergabe \u00fcber Fu\u00dfbodenheizung und Heizk\u00f6rper K\u00fcchenzu- und Abluft L\u00fcftungsanlage heizen mit W\u00e4rmer\u00fcckgewinnung Bedarfsgef\u00fchrte Abluftanlagen Anrechenbare Kosten technische Geb\u00e4udeausr\u00fcstung: \u20ac 2.200.000,00 Neubau eines Seniorenwohnheims in Zwickau Genehmigungspflichtige Entw\u00e4sserungsplanung mit Regenwasserr\u00fcckhaltung W\u00e4rmeerzeugung \u00fcber Fernw\u00e4rme Zentrale Warmwasserbereitung W\u00e4rme\u00fcbergabe \u00fcber Fu\u00dfbodenheizung und<\/p><\/div>\n<div class=\"blog-btn\"><a href=\"https:\/\/www.tga-projektierung.de\/?page_id=26\" class=\"home-blog-btn\">Weiterlesen<\/a><\/p>\n","protected":false},"author":1,"featured_media":0,"parent":38,"menu_order":20,"comment_status":"closed","ping_status":"closed","template":"","meta":[],"_links":{"self":[{"href":"https:\/\/www.tga-projektierung.de\/index.php?rest_route=\/wp\/v2\/pages\/26"}],"collection":[{"href":"https:\/\/www.tga-projektierung.de\/index.php?rest_route=\/wp\/v2\/pages"}],"about":[{"href":"https:\/\/www.tga-projektierung.de\/index.php?rest_route=\/wp\/v2\/types\/page"}],"author":[{"embeddable":true,"href":"https:\/\/www.tga-projektierung.de\/index.php?rest_route=\/wp\/v2\/users\/1"}],"replies":[{"embeddable":true,"href":"https:\/\/www.tga-projektierung.de\/index.php?rest_route=%2Fwp%2Fv2%2Fcomments&post=26"}],"version-history":[{"count":64,"href":"https:\/\/www.tga-projektierung.de\/index.php?rest_route=\/wp\/v2\/pages\/26\/revisions"}],"predecessor-version":[{"id":534,"href":"https:\/\/www.tga-projektierung.de\/index.php?rest_route=\/wp\/v2\/pages\/26\/revisions\/534"}],"up":[{"embeddable":true,"href":"https:\/\/www.tga-projektierung.de\/index.php?rest_route=\/wp\/v2\/pages\/38"}],"wp:attachment":[{"href":"https:\/\/www.tga-projektierung.de\/index.php?rest_route=%2Fwp%2Fv2%2Fmedia&parent=26"}],"curies":[{"name":"wp","href":"https:\/\/api.w.org\/{rel}","templated":true}]}}