{"id":236,"date":"2020-12-08T20:21:48","date_gmt":"2020-12-08T20:21:48","guid":{"rendered":"https:\/\/www.tga-projektierung.de\/?page_id=236"},"modified":"2021-02-02T21:45:03","modified_gmt":"2021-02-02T20:45:03","slug":"gefahrdungsanalysen-fur-trinkwasseranlagen","status":"publish","type":"page","link":"https:\/\/www.tga-projektierung.de\/?page_id=236","title":{"rendered":"Gef\u00e4hrdungsanalysen f\u00fcr Trinkwasseranlagen"},"content":{"rendered":"\n<p class=\"has-black-color has-text-color has-medium-font-size\"><strong>Auszug an Gef\u00e4hrdungsanalysen <\/strong><\/p>\n\n\n\n<p class=\"has-black-color has-text-color\"><strong>5-Familienhaus in Regensburg<\/strong><\/p>\n\n\n\n<p class=\"has-black-color has-text-color\">Gef\u00e4hrdungsanalyse gem\u00e4\u00df \u00a716 Abs. 7 TrinkwV mit anschlie\u00dfender M\u00e4ngelbeseitigung<\/p>\n\n\n\n<p><\/p>\n\n\n\n<p class=\"has-black-color has-text-color\"><strong>Wohnanlage mit 130 Wohnungen in Regensburg<\/strong><\/p>\n\n\n\n<p class=\"has-black-color has-text-color\">Gef\u00e4hrdungsanalyse gem\u00e4\u00df \u00a716 Abs. 7 TrinkwV mit anschlie\u00dfender M\u00e4ngelbeseitigung<\/p>\n\n\n\n<p><\/p>\n\n\n\n<p class=\"has-black-color has-text-color\"><strong>16-Familienhaus in Regensburg<\/strong><\/p>\n\n\n\n<p class=\"has-black-color has-text-color\">Gef\u00e4hrdungsanalyse gem\u00e4\u00df \u00a716 Abs. 7 TrinkwV mit anschlie\u00dfender M\u00e4ngelbeseitigung<\/p>\n\n\n\n<p><\/p>\n\n\n\n<p class=\"has-black-color has-text-color\"><strong>Kindergarten in Regensburg-Kasernenviertel<\/strong><\/p>\n\n\n\n<p class=\"has-black-color has-text-color\">Gef\u00e4hrdungsanalyse gem\u00e4\u00df \u00a716 Abs. 7 TrinkwV mit anschlie\u00dfender M\u00e4ngelbeseitigung<\/p>\n\n\n\n<p><\/p>\n\n\n\n<p class=\"has-black-color has-text-color\"><strong>Kindergarten in Regensburg-Schwabelweis<\/strong><\/p>\n\n\n\n<p class=\"has-black-color has-text-color\">Gef\u00e4hrdungsanalyse gem\u00e4\u00df \u00a716 Abs. 7 TrinkwV mit anschlie\u00dfender M\u00e4ngelbeseitigung<\/p>\n\n\n\n<p><\/p>\n\n\n\n<p class=\"has-black-color has-text-color\"><strong>\u00c4rztehaus in Regensburg<\/strong><\/p>\n\n\n\n<p class=\"has-black-color has-text-color\">Gef\u00e4hrdungsanalyse gem\u00e4\u00df \u00a716 Abs. 7 TrinkwV mit anschlie\u00dfender M\u00e4ngelbeseitigung<\/p>\n\n\n\n<p><\/p>\n\n\n\n<p class=\"has-black-color has-text-color\"><strong>10-Familienhaus in Regensburg<\/strong><\/p>\n\n\n\n<p class=\"has-black-color has-text-color\">Gef\u00e4hrdungsanalyse gem\u00e4\u00df \u00a716 Abs. 7 TrinkwV mit anschlie\u00dfender M\u00e4ngelbeseitigung<\/p>\n\n\n\n<p><\/p>\n\n\n\n<p class=\"has-black-color has-text-color\"><strong>Studentenwohnheim mit 185 Appartements in Berlin-Dahlem<\/strong><\/p>\n\n\n\n<p class=\"has-black-color has-text-color\">Gef\u00e4hrdungsanalyse gem\u00e4\u00df \u00a716 Abs. 7 TrinkwV mit anschlie\u00dfender M\u00e4ngelbeseitigung<\/p>\n\n\n\n<p><\/p>\n\n\n\n<p class=\"has-black-color has-text-color\"><strong>Studentenwohnheim mit 309 Appartements in M\u00fcnchen<\/strong><\/p>\n\n\n\n<p class=\"has-black-color has-text-color\">Gef\u00e4hrdungsanalyse gem\u00e4\u00df \u00a716 Abs. 7 TrinkwV mit anschlie\u00dfender M\u00e4ngelbeseitigung<\/p>\n","protected":false},"excerpt":{"rendered":"<p>Auszug an Gef\u00e4hrdungsanalysen 5-Familienhaus in Regensburg Gef\u00e4hrdungsanalyse gem\u00e4\u00df \u00a716 Abs. 7 TrinkwV mit anschlie\u00dfender M\u00e4ngelbeseitigung Wohnanlage mit 130 Wohnungen in Regensburg Gef\u00e4hrdungsanalyse gem\u00e4\u00df \u00a716 Abs. 7 TrinkwV mit anschlie\u00dfender M\u00e4ngelbeseitigung 16-Familienhaus in Regensburg Gef\u00e4hrdungsanalyse gem\u00e4\u00df \u00a716 Abs. 7 TrinkwV mit anschlie\u00dfender M\u00e4ngelbeseitigung Kindergarten in Regensburg-Kasernenviertel Gef\u00e4hrdungsanalyse gem\u00e4\u00df \u00a716 Abs. 7 TrinkwV mit anschlie\u00dfender M\u00e4ngelbeseitigung Kindergarten<\/p><\/div>\n<div class=\"blog-btn\"><a href=\"https:\/\/www.tga-projektierung.de\/?page_id=236\" class=\"home-blog-btn\">Weiterlesen<\/a><\/p>\n","protected":false},"author":1,"featured_media":0,"parent":0,"menu_order":0,"comment_status":"closed","ping_status":"closed","template":"","meta":[],"_links":{"self":[{"href":"https:\/\/www.tga-projektierung.de\/index.php?rest_route=\/wp\/v2\/pages\/236"}],"collection":[{"href":"https:\/\/www.tga-projektierung.de\/index.php?rest_route=\/wp\/v2\/pages"}],"about":[{"href":"https:\/\/www.tga-projektierung.de\/index.php?rest_route=\/wp\/v2\/types\/page"}],"author":[{"embeddable":true,"href":"https:\/\/www.tga-projektierung.de\/index.php?rest_route=\/wp\/v2\/users\/1"}],"replies":[{"embeddable":true,"href":"https:\/\/www.tga-projektierung.de\/index.php?rest_route=%2Fwp%2Fv2%2Fcomments&post=236"}],"version-history":[{"count":8,"href":"https:\/\/www.tga-projektierung.de\/index.php?rest_route=\/wp\/v2\/pages\/236\/revisions"}],"predecessor-version":[{"id":296,"href":"https:\/\/www.tga-projektierung.de\/index.php?rest_route=\/wp\/v2\/pages\/236\/revisions\/296"}],"wp:attachment":[{"href":"https:\/\/www.tga-projektierung.de\/index.php?rest_route=%2Fwp%2Fv2%2Fmedia&parent=236"}],"curies":[{"name":"wp","href":"https:\/\/api.w.org\/{rel}","templated":true}]}}