{"id":226,"date":"2020-12-08T20:09:27","date_gmt":"2020-12-08T20:09:27","guid":{"rendered":"https:\/\/www.tga-projektierung.de\/?page_id=226"},"modified":"2021-01-12T20:47:55","modified_gmt":"2021-01-12T19:47:55","slug":"referenzen-sakralbauten","status":"publish","type":"page","link":"https:\/\/www.tga-projektierung.de\/?page_id=226","title":{"rendered":"Referenzen Sakralbauten"},"content":{"rendered":"<p class=\"has-very-dark-gray-color has-text-color\"><span style=\"color: #000000;\"><strong>Neubau und Sanierung der Synagoge in Regensburg<\/strong><\/span><\/p>\n<p><span style=\"color: #000000;\">Genehmigungspflichtige Entw\u00e4sserungsplanung mit Fettabscheider<\/span><br \/>\n<span style=\"color: #000000;\">Beheizung mit Gas-Brennwerttechnik und Luft-Wasser W\u00e4rmepumpe, W\u00e4rme\u00fcbergabe \u00fcber Fu\u00dfbodenheizung und Heizk\u00f6rper<\/span><br \/>\n<span style=\"color: #000000;\">Dezentrale Warmwasserbereitung<br \/>\nL\u00fcftungsanlagen heizen und k\u00fchlen mit W\u00e4rmer\u00fcckgewinnung<\/span><\/p>\n<p><span style=\"color: #000000;\">Anrechenbare Kosten technische Geb\u00e4udeausr\u00fcstung: \u20ac 1.000.000<\/span><\/p>\n","protected":false},"excerpt":{"rendered":"<p>Neubau und Sanierung der Synagoge in Regensburg Genehmigungspflichtige Entw\u00e4sserungsplanung mit Fettabscheider Beheizung mit Gas-Brennwerttechnik und Luft-Wasser W\u00e4rmepumpe, W\u00e4rme\u00fcbergabe \u00fcber Fu\u00dfbodenheizung und Heizk\u00f6rper Dezentrale Warmwasserbereitung L\u00fcftungsanlagen heizen und k\u00fchlen mit W\u00e4rmer\u00fcckgewinnung Anrechenbare Kosten technische Geb\u00e4udeausr\u00fcstung: \u20ac 1.000.000<\/p>\n","protected":false},"author":1,"featured_media":0,"parent":0,"menu_order":0,"comment_status":"closed","ping_status":"closed","template":"","meta":[],"_links":{"self":[{"href":"https:\/\/www.tga-projektierung.de\/index.php?rest_route=\/wp\/v2\/pages\/226"}],"collection":[{"href":"https:\/\/www.tga-projektierung.de\/index.php?rest_route=\/wp\/v2\/pages"}],"about":[{"href":"https:\/\/www.tga-projektierung.de\/index.php?rest_route=\/wp\/v2\/types\/page"}],"author":[{"embeddable":true,"href":"https:\/\/www.tga-projektierung.de\/index.php?rest_route=\/wp\/v2\/users\/1"}],"replies":[{"embeddable":true,"href":"https:\/\/www.tga-projektierung.de\/index.php?rest_route=%2Fwp%2Fv2%2Fcomments&post=226"}],"version-history":[{"count":8,"href":"https:\/\/www.tga-projektierung.de\/index.php?rest_route=\/wp\/v2\/pages\/226\/revisions"}],"predecessor-version":[{"id":277,"href":"https:\/\/www.tga-projektierung.de\/index.php?rest_route=\/wp\/v2\/pages\/226\/revisions\/277"}],"wp:attachment":[{"href":"https:\/\/www.tga-projektierung.de\/index.php?rest_route=%2Fwp%2Fv2%2Fmedia&parent=226"}],"curies":[{"name":"wp","href":"https:\/\/api.w.org\/{rel}","templated":true}]}}