{"id":14,"date":"2019-08-19T14:09:52","date_gmt":"2019-08-19T12:09:52","guid":{"rendered":"http:\/\/192.168.30.202\/?page_id=14"},"modified":"2022-08-10T16:52:39","modified_gmt":"2022-08-10T14:52:39","slug":"enev-waermebruecken","status":"publish","type":"page","link":"https:\/\/www.tga-projektierung.de\/?page_id=14","title":{"rendered":"GEG-W\u00e4rmebr\u00fccken-KfW"},"content":{"rendered":"<p class=\"has-black-color has-text-color\"><b>1. Sanierung von Wohngeb\u00e4uden<\/b><\/p>\n\n\n<p class=\"has-black-color has-text-color\">Vor der Planung einer Sanierung, BEG-Einzelma\u00dfnahmen oder Effizienzhaus, erstellen wir einen individuellen Sanierungsfahrplan (iSFP). Dieser wird mit 80%, entsprechend 1.300 \u20ac f\u00fcr EFH + 2FH gef\u00f6rdert.<\/p>\n\n\n\n<p class=\"has-black-color has-text-color\">F\u00fcr Mehrfamilienh\u00e4user betr\u00e4gt die F\u00f6rderung 1.700 \u20ac als 80 %-Anteil. Bei einer Vorstellung vor der Wohnungseigent\u00fcmergesellschaft werden weitere 500 \u20ac gef\u00f6rdert.<\/p>\n\n\n\n<p class=\"has-black-color has-text-color\"><p class=\"has-very-dark-gray-color has-text-color\">Je nach Wunsch des Kunden k\u00f6nnen von uns folgende Bauwerke energetisch bewertet werden: <br><br><strong> Wohngeb\u00e4ude Bestand gem\u00e4\u00df DIN V 4701, Teil 10 in Verbindung mit DIN 4108-2 oder DIN V 18599<br> <br> auch als Sanierung zum Effizienzhaus 40 mit KfW-Mittelgew\u00e4hrung gem\u00e4\u00df KfW 261, 262 (Kreditvariante)<br><br>\nDie energetische Baubegleitung wird zu 50 % mit einem Maximalbetrag von 5.000 \u20ac bei Einfamilienh\u00e4usern und 20.000 \u20ac f\u00fcr Mehrfamilienh\u00e4usern gef\u00f6rdert<\/strong>\n<br\/><br\/>\n<p class=\"has-black-color has-text-color\">\n<u>F\u00f6rdermittel<\/u><\/p>\n<table class=\"kfwtable\">\n<thead>\n<tr>\n<td><b>Effizienzhaus<\/b><\/td>\n<td><b>Tilgungszuschuss in % je Wohneinheit<\/b><\/td>\n<td><b>Betrag je Wohneinheit<\/b><\/td>\n<td><b>Zinsverg\u00fcnstigung<\/b><\/td>\n<\/tr>\n<\/thead>\n<tbody>\n<tr>\n<td>Effizienzhaus 40<\/td>\n<td>20 % von max. 120.000 Euro Kreditbetrag<\/td>\n<td>bis zu 24.000 Euro<\/td>\n<td>max. 15 %<\/td>\n<\/tr>\n<tr>\n<td>Effizienzhaus 40 Erneuerbare-Energien-Klasse<\/td>\n<td>25 % von max. 150.000 Euro Kreditbetrag<\/td>\n<td>bis zu 37.500 Euro<\/td>\n<td>max. 15 %<\/td>\n<\/tr>\n<tr>\n<td>Effizienzhaus 55<\/td>\n<td>15 % von max. 120.000 Euro Kreditbetrag<\/td>\n<td>bis zu 18.000 Euro<\/td>\n<td>max. 15 %<\/td>\n<\/tr>\n<tr>\n<td>Effizienzhaus 55 Erneuerbare-Energien-Klasse<\/td>\n<td>20 % von max. 150.000 Euro Kreditbetrag<\/td>\n<td>bis zu 30.000 Euro<\/td>\n<td>max. 15 %<\/td>\n<\/tr>\n<tr>\n<td>Effizienzhaus 70<\/td>\n<td>10 % von max. 120.000 Euro Kreditbetrag<\/td>\n<td>bis zu 12.000 Euro<\/td>\n<td>max. 15 %<\/td>\n<\/tr>\n<tr>\n<td>Effizienzhaus 70 Erneuerbare-Energien-Klasse<\/td>\n<td>15 % von max. 150.000 Euro Kreditbetrag<\/td>\n<td>bis zu 22.500 Euro<\/td>\n<td>max. 15 %<\/td>\n<\/tr>\n<tr>\n<td>Effizienzhaus 85<\/td>\n<td>5 % von max. 120.000 Euro Kreditbetrag<\/td>\n<td>bis zu 6.000 Euro<\/td>\n<td>max. 15 %<\/td>\n<\/tr>\n<tr>\n<td>Effizienzhaus 85 Erneuerbare-Energien-Klasse<\/td>\n<td>10 % von max. 150.000 Euro Kreditbetrag<\/td>\n<td>bis zu 15.000 Euro<\/td>\n<td>max. 15 %<\/td>\n<\/tr>\n<\/tbody>\n<\/table>\n\n<br\/>\n\n<p class=\"has-black-color has-text-color\">\n<strong>2. Individuelle Sanierungsfahrpl\u00e4ne (iSFP)<\/strong><br>\nMit dem iSFP steigt ihre F\u00f6rderquote bei der energetischen Sanierung um weitere 5 %!<br>\nF\u00fcr weitere Informationen klicken Sie <a href=\"https:\/\/www.tga-projektierung.de\/wp-content\/uploads\/2022\/05\/220518_ML_Allgemeine-Informationen-Foerderung-BAFA-KfW-fuer-zu-sanierende-Wohngebaeude.pdf\">hier<\/a>.\n<\/p>\n<br\/>\n\n<p class=\"has-black-color has-text-color\"><b>3. Sanierung von Nichtwohngeb\u00e4uden<\/b><\/p>\n<p class=\"has-black-color has-text-color\">\nNichtwohngeb\u00e4ude zum Beispiel B\u00fcrogeb\u00e4ude, Schule, Industriegeb\u00e4ude, Krankenhaus k\u00f6nnen als Bestand<br> gem\u00e4\u00df DIN V 18599 saniert werden.<\/p>\n\n\n\n<p class=\"has-black-color has-text-color\"><p class=\"has-very-dark-gray-color has-text-color\"><strong>Dies kann als Effizienzhaus 70, 55 oder 40 in den Programmen KfW 263 (Kredit) gef\u00f6rdert werden<br> <br> Nichtwohngeb\u00e4ude als Neubau gem\u00e4\u00df DIN V 18599 k\u00f6nnen als Effizienzhaus 40 NH mit Nachhaltigkeitszertifizierung gef\u00f6rdert werden<\/strong><\/p><\/p>\n\n\n\n<p class=\"has-black-color has-text-color\"><p class=\"has-very-dark-gray-color has-text-color\">F\u00fcr alle Geb\u00e4ude f\u00fchren wir auf Wunsch \/ bei  Notwendigkeit eine detaillierte W\u00e4rmebr\u00fcckenberechnung mit konkreten Sanierungs- oder Gestaltungsvorschl\u00e4gen durch. <\/p><\/p>\n\n\n\n<p class=\"has-black-color has-text-color\"><p class=\"has-black-color has-text-color\">F\u00fcr Neubauten mit Bauantragsstellung nach dem 01.11.2020 f\u00fchren wir die Berechnungen entsprechend dem Geb\u00e4udeenergiegesetz (GEG) analog durch.<\/p>\n<p class=\"has-black-color has-text-color\">\nDie f\u00f6rderf\u00e4higen Kosten \u2013 und damit Ihr max. Kredit\u00adbetrag f\u00fcr ein Effizienz\u00adgeb\u00e4ude \u2013 orientieren sich an der Netto\u00adgrundfl\u00e4che des Geb\u00e4udes: Sie erhalten 1.000 Euro pro Quadrat\u00admeter Netto\u00adgrundfl\u00e4che, insgesamt max. 5 Mio. Euro pro Vorhaben bei dem eine neue Effizienzgeb\u00e4ude-Stufe erreicht wird.\n<\/p>\n<p class=\"has-black-color has-text-color\">\n<u>F\u00f6rdermittel<\/u><\/p>\n<table class=\"kfwtable\">\n<thead>\n<tr>\n<td><b>Effizienzgeb\u00e4ude<\/b><\/td>\n<td><b>Tilgungszuschuss<\/b><\/td>\n<td><b>Zinsverg\u00fcnstigung (max)<\/b><\/td>\n<\/tr>\n<\/thead>\n<tbody>\n<tr>\n<td>Effizienzgeb\u00e4ude 40<\/td>\n<td>20 %<\/td>\n<td>15 %<\/td>\n<\/tr>\n<tr>\n<td>Effizienzgeb\u00e4ude 40 Erneuerbare-Energien-Klasse oder Nachhaltigkeits-Klasse<\/td>\n<td>25 %<\/td>\n<td>15 %<\/td>\n<\/tr>\n<tr>\n<td>Effizienzgeb\u00e4ude 55<\/td>\n<td>15 %<\/td>\n<td>15 %<\/td>\n<\/tr>\n<tr>\n<td>Effizienzgeb\u00e4ude 55 Erneuerbare-Energien-Klasse oder Nachhaltigkeits-Klasse<\/td>\n<td>20 %<\/td>\n<td>15 %<\/td>\n<\/tr>\n<tr>\n<td>Effizienzgeb\u00e4ude 70<\/td>\n<td>10 %<\/td>\n<td>15 %<\/td>\n<\/tr>\n<tr>\n<td>Effizienzgeb\u00e4ude 70 Erneuerbare-Energien-Klasse oder Nachhaltigkeits-Klasse<\/td>\n<td>15 %<\/td>\n<td>15 %<\/td>\n<\/tr>\n<tr>\n<td>Effizienzgeb\u00e4ude Denkmal<\/td>\n<td>5 %<\/td>\n<td>15 %<\/td>\n<\/tr>\n<tr>\n<td>Effizienzgeb\u00e4ude Denkmal Erneuerbare-Energien-Klasse oder Nachhaltigkeits-Klasse<\/td>\n<td>10 %<\/td>\n<td>15 %<\/td>\n<\/tr>\n<\/tbody>\n<\/table>\n<p class=\"has-black-color has-text-color\">\nSie k\u00f6nnen Ihren Kreditbetrag um bis zu 10 Euro pro Quadrat\u00admeter Netto\u00adgrundfl\u00e4che, max. 40.000 Euro pro Vorhaben bei dem ein neue Effizienzgeb\u00e4ude-Stufe erreicht wird, aufstocken. Davon erhalten Sie 50 % als Tilgungs\u00adzuschuss, also bis zu 20.000 Euro. <\/p>\n\n\n<p>&nbsp;<\/p>\n<p><\/p>\n\n\n<p class=\"has-black-color has-text-color\">\n<dl class=\"has-black-color has-text-color\">\n<dt>4. Neubau von Wohn- und Nichtwohngeb\u00e4uden<br\/><br\/><\/dt>\n<dd>Effizenzhaus 40 NH mit Nachhaltigkeitszertifizierung<\/dd>\n<dd>gem\u00e4\u00df KfW 261 (Kredit) f\u00fcr Wohnen oder KfW 265 (Kredit) f\u00fcr Nichtwohnen<\/dd>\n<\/dl>\n<\/p>\n<p class=\"has-black-color has-text-color\">\n<u>F\u00f6rdermittel:<\/u> 5 % Tilgungszuschuss<\/p>\n","protected":false},"excerpt":{"rendered":"<p>1. Sanierung von Wohngeb\u00e4uden Vor der Planung einer Sanierung, BEG-Einzelma\u00dfnahmen oder Effizienzhaus, erstellen wir einen individuellen Sanierungsfahrplan (iSFP). Dieser wird mit 80%, entsprechend 1.300 \u20ac f\u00fcr EFH + 2FH gef\u00f6rdert. F\u00fcr Mehrfamilienh\u00e4user betr\u00e4gt die F\u00f6rderung 1.700 \u20ac als 80 %-Anteil. Bei einer Vorstellung vor der Wohnungseigent\u00fcmergesellschaft werden weitere 500 \u20ac gef\u00f6rdert. Je nach Wunsch des<\/p><\/div>\n<div class=\"blog-btn\"><a href=\"https:\/\/www.tga-projektierung.de\/?page_id=14\" class=\"home-blog-btn\">Weiterlesen<\/a><\/p>\n","protected":false},"author":1,"featured_media":0,"parent":0,"menu_order":0,"comment_status":"closed","ping_status":"closed","template":"","meta":[],"_links":{"self":[{"href":"https:\/\/www.tga-projektierung.de\/index.php?rest_route=\/wp\/v2\/pages\/14"}],"collection":[{"href":"https:\/\/www.tga-projektierung.de\/index.php?rest_route=\/wp\/v2\/pages"}],"about":[{"href":"https:\/\/www.tga-projektierung.de\/index.php?rest_route=\/wp\/v2\/types\/page"}],"author":[{"embeddable":true,"href":"https:\/\/www.tga-projektierung.de\/index.php?rest_route=\/wp\/v2\/users\/1"}],"replies":[{"embeddable":true,"href":"https:\/\/www.tga-projektierung.de\/index.php?rest_route=%2Fwp%2Fv2%2Fcomments&post=14"}],"version-history":[{"count":64,"href":"https:\/\/www.tga-projektierung.de\/index.php?rest_route=\/wp\/v2\/pages\/14\/revisions"}],"predecessor-version":[{"id":509,"href":"https:\/\/www.tga-projektierung.de\/index.php?rest_route=\/wp\/v2\/pages\/14\/revisions\/509"}],"wp:attachment":[{"href":"https:\/\/www.tga-projektierung.de\/index.php?rest_route=%2Fwp%2Fv2%2Fmedia&parent=14"}],"curies":[{"name":"wp","href":"https:\/\/api.w.org\/{rel}","templated":true}]}}