{"id":12,"date":"2019-08-19T14:09:52","date_gmt":"2019-08-19T12:09:52","guid":{"rendered":"http:\/\/192.168.30.202\/?page_id=12"},"modified":"2021-01-12T20:46:47","modified_gmt":"2021-01-12T19:46:47","slug":"klimatechnik","status":"publish","type":"page","link":"https:\/\/www.tga-projektierung.de\/?page_id=12","title":{"rendered":"Lufttechnische Anlagen"},"content":{"rendered":"\n<p class=\"has-very-dark-gray-color has-text-color\">\nUnsere Leistung umfasst, abh\u00e4ngig vom Lastenheft (zum  Beispiel Budget oder technische Anforderungen) des Kunden, die Planung, Ausschreibung, Vergabe und Bauleitung von folgenden Anlagetypen:<br><br>\n<strong>\nKontrollierte Wohnrauml\u00fcftung mit W\u00e4rmer\u00fcckgewinnung, wahlweise mit direktem oder indirektem Erdreichw\u00e4rmetauscher<br> <br>\nBe- und Entl\u00fcftung mit W\u00e4rmer\u00fcckgewinnung der in der Abluft enthaltenen W\u00e4rmeenergie, Erw\u00e4rmung der Zuluft<br><br>\nBe- und Entl\u00fcftung mit zus\u00e4tzlicher K\u00fchlung \/ Entfeuchtung der Zuluft<br><br>\nBe- und Entl\u00fcftung mit zus\u00e4tzlicher Befeuchtung der Zuluft<br><br>\nBe- und Entl\u00fcftung von Hallenschwimmb\u00e4dern<br> <br>\nGewerblich oder private K\u00fcchenabluftanlagen<br> <br>\nTiefgaragenabluft, CO-gef\u00fchrt geschaltet, auf Wunsch auch zus\u00e4tzlich mit NOx-Messung als F\u00fchrungsgr\u00f6\u00dfe<br><br>\nUmluftk\u00fchlung mittels Mono- oder Multisplitanlagen mit variablen K\u00e4ltemittelstr\u00f6men<br><br>\nDirekte K\u00fchlung \u00fcber F\u00f6rder- und Schluckbrunnen einschlie\u00dflich Planung der Brunnenanlage<\/strong><\/p>\n","protected":false},"excerpt":{"rendered":"<p>Unsere Leistung umfasst, abh\u00e4ngig vom Lastenheft (zum Beispiel Budget oder technische Anforderungen) des Kunden, die Planung, Ausschreibung, Vergabe und Bauleitung von folgenden Anlagetypen: Kontrollierte Wohnrauml\u00fcftung mit W\u00e4rmer\u00fcckgewinnung, wahlweise mit direktem oder indirektem Erdreichw\u00e4rmetauscher Be- und Entl\u00fcftung mit W\u00e4rmer\u00fcckgewinnung der in der Abluft enthaltenen W\u00e4rmeenergie, Erw\u00e4rmung der Zuluft Be- und Entl\u00fcftung mit zus\u00e4tzlicher K\u00fchlung \/ Entfeuchtung<\/p><\/div>\n<div class=\"blog-btn\"><a href=\"https:\/\/www.tga-projektierung.de\/?page_id=12\" class=\"home-blog-btn\">Weiterlesen<\/a><\/p>\n","protected":false},"author":1,"featured_media":0,"parent":0,"menu_order":0,"comment_status":"closed","ping_status":"closed","template":"templates\/page-gullwidth.php","meta":[],"_links":{"self":[{"href":"https:\/\/www.tga-projektierung.de\/index.php?rest_route=\/wp\/v2\/pages\/12"}],"collection":[{"href":"https:\/\/www.tga-projektierung.de\/index.php?rest_route=\/wp\/v2\/pages"}],"about":[{"href":"https:\/\/www.tga-projektierung.de\/index.php?rest_route=\/wp\/v2\/types\/page"}],"author":[{"embeddable":true,"href":"https:\/\/www.tga-projektierung.de\/index.php?rest_route=\/wp\/v2\/users\/1"}],"replies":[{"embeddable":true,"href":"https:\/\/www.tga-projektierung.de\/index.php?rest_route=%2Fwp%2Fv2%2Fcomments&post=12"}],"version-history":[{"count":7,"href":"https:\/\/www.tga-projektierung.de\/index.php?rest_route=\/wp\/v2\/pages\/12\/revisions"}],"predecessor-version":[{"id":276,"href":"https:\/\/www.tga-projektierung.de\/index.php?rest_route=\/wp\/v2\/pages\/12\/revisions\/276"}],"wp:attachment":[{"href":"https:\/\/www.tga-projektierung.de\/index.php?rest_route=%2Fwp%2Fv2%2Fmedia&parent=12"}],"curies":[{"name":"wp","href":"https:\/\/api.w.org\/{rel}","templated":true}]}}