{"id":115,"date":"2019-09-03T09:28:01","date_gmt":"2019-09-03T07:28:01","guid":{"rendered":"http:\/\/192.168.30.202\/?page_id=115"},"modified":"2020-12-08T20:51:22","modified_gmt":"2020-12-08T20:51:22","slug":"tga-projektierung-gmbh-technische-gebaeudeausruestung","status":"publish","type":"page","link":"https:\/\/www.tga-projektierung.de\/","title":{"rendered":"TGA Projektierung GmbH"},"content":{"rendered":"\n<p class=\"has-very-dark-gray-color has-text-color\"> Die TGA Projektierung GmbH ist ein Planungsb\u00fcro f\u00fcr Technische  Geb\u00e4udeausr\u00fcstung. Zu unserem Leistungsumfang geh\u00f6ren die  Leistungsphasen 1 &#8211; 9 der HOAI f\u00fcr die Technische Ausr\u00fcstung (\u00a7 53) von  Geb\u00e4uden f\u00fcr<br><br><br><strong>Abwasser-, Wasser- und Gasanlagen<\/strong><br><br><strong>Erlaubnispflichtige Regenwasserversickerungsanlagen \u00fcber 1000 m\u00b2 Fl\u00e4che<\/strong><br><br><strong>Drucklufttechnik<\/strong><br><br><strong>W\u00e4rmeversorgungsanlagen<\/strong><br><br><strong>Lufttechnische Anlagen<\/strong><br><br><strong>K\u00fchl- und K\u00e4lteanlagen<\/strong><br><br><strong>Geb\u00e4udeautomation<\/strong><br><br><br> Bei unseren Planungen legen wir besonderen Wert auf die  sinnvolle Integration der Technischen Geb\u00e4udeausr\u00fcstung in die  Architektur.<br> Planungen in 3 D sind f\u00fcr uns keine Unbekannte, sondern  werden durch verschiedene CAD-Applikationen, wie zum Beispiel Linear\u00ae  und Trimble Nova\u00ae problemlos erm\u00f6glicht.<br><br> Im Rahmen der Projektierung k\u00f6nnen wir parallel, im Zuge  der Abstimmung der Heizungsanlage, den f\u00fcr die Baugenehmigung von  Neubauten und Sanierungen notwendigen<br><br><strong>Energiebedarfsausweis gem\u00e4\u00df  \u00a7 79  Geb\u00e4udeenergiegesetz (EnEV-Bescheinigung), Thermische Bauphysik  (Anlage 1.2 HOAI) bzw. den EU-Geb\u00e4udeenergieausweis f\u00fcr Wohn- und  Nichtwohngeb\u00e4ude<\/strong><br><br> f\u00fcr Sie erstellen.<br><\/p>\n\n\n\n<p class=\"has-very-dark-gray-color has-text-color\"><strong>Sachverst\u00e4ndige nach \u00a7 3 Abs. 1 AVEn<br>\n\t\t\t\t\t\t\t\t\t\t\t\t\t\t\t<\/strong><\/p>\n","protected":false},"excerpt":{"rendered":"<p>Die TGA Projektierung GmbH ist ein Planungsb\u00fcro f\u00fcr Technische Geb\u00e4udeausr\u00fcstung. Zu unserem Leistungsumfang geh\u00f6ren die Leistungsphasen 1 &#8211; 9 der HOAI f\u00fcr die Technische Ausr\u00fcstung (\u00a7 53) von Geb\u00e4uden f\u00fcr Abwasser-, Wasser- und Gasanlagen Erlaubnispflichtige Regenwasserversickerungsanlagen \u00fcber 1000 m\u00b2 Fl\u00e4che Drucklufttechnik W\u00e4rmeversorgungsanlagen Lufttechnische Anlagen K\u00fchl- und K\u00e4lteanlagen Geb\u00e4udeautomation Bei unseren Planungen legen wir besonderen Wert<\/p><\/div>\n<div class=\"blog-btn\"><a href=\"https:\/\/www.tga-projektierung.de\/\" class=\"home-blog-btn\">Weiterlesen<\/a><\/p>\n","protected":false},"author":1,"featured_media":0,"parent":0,"menu_order":0,"comment_status":"closed","ping_status":"closed","template":"","meta":[],"_links":{"self":[{"href":"https:\/\/www.tga-projektierung.de\/index.php?rest_route=\/wp\/v2\/pages\/115"}],"collection":[{"href":"https:\/\/www.tga-projektierung.de\/index.php?rest_route=\/wp\/v2\/pages"}],"about":[{"href":"https:\/\/www.tga-projektierung.de\/index.php?rest_route=\/wp\/v2\/types\/page"}],"author":[{"embeddable":true,"href":"https:\/\/www.tga-projektierung.de\/index.php?rest_route=\/wp\/v2\/users\/1"}],"replies":[{"embeddable":true,"href":"https:\/\/www.tga-projektierung.de\/index.php?rest_route=%2Fwp%2Fv2%2Fcomments&post=115"}],"version-history":[{"count":12,"href":"https:\/\/www.tga-projektierung.de\/index.php?rest_route=\/wp\/v2\/pages\/115\/revisions"}],"predecessor-version":[{"id":524,"href":"https:\/\/www.tga-projektierung.de\/index.php?rest_route=\/wp\/v2\/pages\/115\/revisions\/524"}],"wp:attachment":[{"href":"https:\/\/www.tga-projektierung.de\/index.php?rest_route=%2Fwp%2Fv2%2Fmedia&parent=115"}],"curies":[{"name":"wp","href":"https:\/\/api.w.org\/{rel}","templated":true}]}}